{"id":2975,"date":"2025-08-04T12:11:00","date_gmt":"2025-08-04T12:11:00","guid":{"rendered":"https:\/\/buhopapers.com\/?post_type=product&#038;p=2975"},"modified":"2025-08-05T07:37:52","modified_gmt":"2025-08-05T07:37:52","slug":"filtros-buho-slim-6mm-240x30","status":"publish","type":"product","link":"https:\/\/buhopapers.com\/en\/producto\/filtros-buho-slim-6mm-240x30\/","title":{"rendered":"FILTROS BUHO SLIM 6MM (240&#215;30)"},"content":{"rendered":"<ul>\n<li>Con 30 bolsas de 240 filtros.<\/li>\n<li>Producto fabricado en la Uni\u00f3n Europea.<\/li>\n<\/ul>\n","protected":false},"excerpt":{"rendered":"<p><span class=\"a-list-item\">Filtros de gran formato con 240 unidades por bolsa fabricados en Espa\u00f1a.<\/span><\/p>\n<p><span class=\"a-list-item\">Filtraci\u00f3n \u00f3ptima y tama\u00f1o compatible con todos los dispositivos de liado.<\/span><\/p>\n<p><span class=\"a-list-item\">Calidad garantizada.<\/span><\/p>\n<p><span class=\"a-list-item\">Producto comprometido con el medio ambiente.<\/span><\/p>\n<p>REF: BH009<\/p>\n","protected":false},"featured_media":2976,"template":"","meta":[],"product_brand":[],"product_cat":[38],"product_tag":[],"class_list":{"0":"post-2975","1":"product","2":"type-product","3":"status-publish","4":"has-post-thumbnail","6":"product_cat-filtros-y-tubos","8":"first","9":"instock","10":"shipping-taxable","11":"product-type-simple"},"yoast_head":"<!-- This site is optimized with the Yoast SEO plugin v27.4 - https:\/\/yoast.com\/product\/yoast-seo-wordpress\/ -->\n<title>FILTROS BUHO SLIM 6MM (240x30) - Buho<\/title>\n<meta name=\"robots\" content=\"index, follow, max-snippet:-1, max-image-preview:large, max-video-preview:-1\" \/>\n<link rel=\"canonical\" href=\"https:\/\/buhopapers.com\/producto\/filtros-buho-slim-6mm-240x30\/\" \/>\n<meta property=\"og:locale\" content=\"en_US\" \/>\n<meta property=\"og:type\" content=\"article\" \/>\n<meta property=\"og:title\" content=\"FILTROS BUHO SLIM 6MM (240x30) - Buho\" \/>\n<meta property=\"og:description\" content=\"Filtros de gran formato con 240 unidades por bolsa fabricados en Espa\u00f1a.  Filtraci\u00f3n \u00f3ptima y tama\u00f1o compatible con todos los dispositivos de liado.  Calidad garantizada.  Producto comprometido con el medio ambiente.  REF: BH009\" \/>\n<meta property=\"og:url\" content=\"https:\/\/buhopapers.com\/producto\/filtros-buho-slim-6mm-240x30\/\" \/>\n<meta property=\"og:site_name\" content=\"Buho\" \/>\n<meta property=\"article:modified_time\" content=\"2025-08-05T07:37:52+00:00\" \/>\n<meta property=\"og:image\" content=\"https:\/\/buhopapers.com\/wp-content\/uploads\/2025\/08\/filtros-buho-6mm-240x30-1.jpg\" \/>\n\t<meta property=\"og:image:width\" content=\"800\" \/>\n\t<meta property=\"og:image:height\" content=\"800\" \/>\n\t<meta property=\"og:image:type\" content=\"image\/jpeg\" \/>\n<meta name=\"twitter:card\" content=\"summary_large_image\" \/>\n<meta name=\"twitter:label1\" content=\"Est. reading time\" \/>\n\t<meta name=\"twitter:data1\" content=\"1 minute\" \/>\n<script type=\"application\/ld+json\" class=\"yoast-schema-graph\">{\"@context\":\"https:\\\/\\\/schema.org\",\"@graph\":[{\"@type\":\"WebPage\",\"@id\":\"https:\\\/\\\/buhopapers.com\\\/producto\\\/filtros-buho-slim-6mm-240x30\\\/\",\"url\":\"https:\\\/\\\/buhopapers.com\\\/producto\\\/filtros-buho-slim-6mm-240x30\\\/\",\"name\":\"FILTROS BUHO SLIM 6MM (240x30) - Buho\",\"isPartOf\":{\"@id\":\"https:\\\/\\\/buhopapers.com\\\/#website\"},\"primaryImageOfPage\":{\"@id\":\"https:\\\/\\\/buhopapers.com\\\/producto\\\/filtros-buho-slim-6mm-240x30\\\/#primaryimage\"},\"image\":{\"@id\":\"https:\\\/\\\/buhopapers.com\\\/producto\\\/filtros-buho-slim-6mm-240x30\\\/#primaryimage\"},\"thumbnailUrl\":\"https:\\\/\\\/buhopapers.com\\\/wp-content\\\/uploads\\\/2025\\\/08\\\/filtros-buho-6mm-240x30-1.jpg\",\"datePublished\":\"2025-08-04T12:11:00+00:00\",\"dateModified\":\"2025-08-05T07:37:52+00:00\",\"breadcrumb\":{\"@id\":\"https:\\\/\\\/buhopapers.com\\\/producto\\\/filtros-buho-slim-6mm-240x30\\\/#breadcrumb\"},\"inLanguage\":\"en-US\",\"potentialAction\":[{\"@type\":\"ReadAction\",\"target\":[\"https:\\\/\\\/buhopapers.com\\\/producto\\\/filtros-buho-slim-6mm-240x30\\\/\"]}]},{\"@type\":\"ImageObject\",\"inLanguage\":\"en-US\",\"@id\":\"https:\\\/\\\/buhopapers.com\\\/producto\\\/filtros-buho-slim-6mm-240x30\\\/#primaryimage\",\"url\":\"https:\\\/\\\/buhopapers.com\\\/wp-content\\\/uploads\\\/2025\\\/08\\\/filtros-buho-6mm-240x30-1.jpg\",\"contentUrl\":\"https:\\\/\\\/buhopapers.com\\\/wp-content\\\/uploads\\\/2025\\\/08\\\/filtros-buho-6mm-240x30-1.jpg\",\"width\":800,\"height\":800},{\"@type\":\"BreadcrumbList\",\"@id\":\"https:\\\/\\\/buhopapers.com\\\/producto\\\/filtros-buho-slim-6mm-240x30\\\/#breadcrumb\",\"itemListElement\":[{\"@type\":\"ListItem\",\"position\":1,\"name\":\"Portada\",\"item\":\"https:\\\/\\\/buhopapers.com\\\/\"},{\"@type\":\"ListItem\",\"position\":2,\"name\":\"Productos\",\"item\":\"https:\\\/\\\/buhopapers.com\\\/productos\\\/\"},{\"@type\":\"ListItem\",\"position\":3,\"name\":\"FILTROS BUHO SLIM 6MM (240&#215;30)\"}]},{\"@type\":\"WebSite\",\"@id\":\"https:\\\/\\\/buhopapers.com\\\/#website\",\"url\":\"https:\\\/\\\/buhopapers.com\\\/\",\"name\":\"Buho\",\"description\":\"Buho Rolling Papers\",\"publisher\":{\"@id\":\"https:\\\/\\\/buhopapers.com\\\/#organization\"},\"potentialAction\":[{\"@type\":\"SearchAction\",\"target\":{\"@type\":\"EntryPoint\",\"urlTemplate\":\"https:\\\/\\\/buhopapers.com\\\/?s={search_term_string}\"},\"query-input\":{\"@type\":\"PropertyValueSpecification\",\"valueRequired\":true,\"valueName\":\"search_term_string\"}}],\"inLanguage\":\"en-US\"},{\"@type\":\"Organization\",\"@id\":\"https:\\\/\\\/buhopapers.com\\\/#organization\",\"name\":\"Buhopapers\",\"url\":\"https:\\\/\\\/buhopapers.com\\\/\",\"logo\":{\"@type\":\"ImageObject\",\"inLanguage\":\"en-US\",\"@id\":\"https:\\\/\\\/buhopapers.com\\\/#\\\/schema\\\/logo\\\/image\\\/\",\"url\":\"https:\\\/\\\/buhopapers.com\\\/wp-content\\\/uploads\\\/2021\\\/12\\\/logo-buho-classic.png\",\"contentUrl\":\"https:\\\/\\\/buhopapers.com\\\/wp-content\\\/uploads\\\/2021\\\/12\\\/logo-buho-classic.png\",\"width\":120,\"height\":148,\"caption\":\"Buhopapers\"},\"image\":{\"@id\":\"https:\\\/\\\/buhopapers.com\\\/#\\\/schema\\\/logo\\\/image\\\/\"}}]}<\/script>\n<!-- \/ Yoast SEO plugin. -->","yoast_head_json":{"title":"FILTROS BUHO SLIM 6MM (240x30) - Buho","robots":{"index":"index","follow":"follow","max-snippet":"max-snippet:-1","max-image-preview":"max-image-preview:large","max-video-preview":"max-video-preview:-1"},"canonical":"https:\/\/buhopapers.com\/producto\/filtros-buho-slim-6mm-240x30\/","og_locale":"en_US","og_type":"article","og_title":"FILTROS BUHO SLIM 6MM (240x30) - Buho","og_description":"Filtros de gran formato con 240 unidades por bolsa fabricados en Espa\u00f1a.  Filtraci\u00f3n \u00f3ptima y tama\u00f1o compatible con todos los dispositivos de liado.  Calidad garantizada.  Producto comprometido con el medio ambiente.  REF: BH009","og_url":"https:\/\/buhopapers.com\/producto\/filtros-buho-slim-6mm-240x30\/","og_site_name":"Buho","article_modified_time":"2025-08-05T07:37:52+00:00","og_image":[{"width":800,"height":800,"url":"https:\/\/buhopapers.com\/wp-content\/uploads\/2025\/08\/filtros-buho-6mm-240x30-1.jpg","type":"image\/jpeg"}],"twitter_card":"summary_large_image","twitter_misc":{"Est. reading time":"1 minute"},"schema":{"@context":"https:\/\/schema.org","@graph":[{"@type":"WebPage","@id":"https:\/\/buhopapers.com\/producto\/filtros-buho-slim-6mm-240x30\/","url":"https:\/\/buhopapers.com\/producto\/filtros-buho-slim-6mm-240x30\/","name":"FILTROS BUHO SLIM 6MM (240x30) - Buho","isPartOf":{"@id":"https:\/\/buhopapers.com\/#website"},"primaryImageOfPage":{"@id":"https:\/\/buhopapers.com\/producto\/filtros-buho-slim-6mm-240x30\/#primaryimage"},"image":{"@id":"https:\/\/buhopapers.com\/producto\/filtros-buho-slim-6mm-240x30\/#primaryimage"},"thumbnailUrl":"https:\/\/buhopapers.com\/wp-content\/uploads\/2025\/08\/filtros-buho-6mm-240x30-1.jpg","datePublished":"2025-08-04T12:11:00+00:00","dateModified":"2025-08-05T07:37:52+00:00","breadcrumb":{"@id":"https:\/\/buhopapers.com\/producto\/filtros-buho-slim-6mm-240x30\/#breadcrumb"},"inLanguage":"en-US","potentialAction":[{"@type":"ReadAction","target":["https:\/\/buhopapers.com\/producto\/filtros-buho-slim-6mm-240x30\/"]}]},{"@type":"ImageObject","inLanguage":"en-US","@id":"https:\/\/buhopapers.com\/producto\/filtros-buho-slim-6mm-240x30\/#primaryimage","url":"https:\/\/buhopapers.com\/wp-content\/uploads\/2025\/08\/filtros-buho-6mm-240x30-1.jpg","contentUrl":"https:\/\/buhopapers.com\/wp-content\/uploads\/2025\/08\/filtros-buho-6mm-240x30-1.jpg","width":800,"height":800},{"@type":"BreadcrumbList","@id":"https:\/\/buhopapers.com\/producto\/filtros-buho-slim-6mm-240x30\/#breadcrumb","itemListElement":[{"@type":"ListItem","position":1,"name":"Portada","item":"https:\/\/buhopapers.com\/"},{"@type":"ListItem","position":2,"name":"Productos","item":"https:\/\/buhopapers.com\/productos\/"},{"@type":"ListItem","position":3,"name":"FILTROS BUHO SLIM 6MM (240&#215;30)"}]},{"@type":"WebSite","@id":"https:\/\/buhopapers.com\/#website","url":"https:\/\/buhopapers.com\/","name":"Buho","description":"Buho Rolling Papers","publisher":{"@id":"https:\/\/buhopapers.com\/#organization"},"potentialAction":[{"@type":"SearchAction","target":{"@type":"EntryPoint","urlTemplate":"https:\/\/buhopapers.com\/?s={search_term_string}"},"query-input":{"@type":"PropertyValueSpecification","valueRequired":true,"valueName":"search_term_string"}}],"inLanguage":"en-US"},{"@type":"Organization","@id":"https:\/\/buhopapers.com\/#organization","name":"Buhopapers","url":"https:\/\/buhopapers.com\/","logo":{"@type":"ImageObject","inLanguage":"en-US","@id":"https:\/\/buhopapers.com\/#\/schema\/logo\/image\/","url":"https:\/\/buhopapers.com\/wp-content\/uploads\/2021\/12\/logo-buho-classic.png","contentUrl":"https:\/\/buhopapers.com\/wp-content\/uploads\/2021\/12\/logo-buho-classic.png","width":120,"height":148,"caption":"Buhopapers"},"image":{"@id":"https:\/\/buhopapers.com\/#\/schema\/logo\/image\/"}}]}},"_links":{"self":[{"href":"https:\/\/buhopapers.com\/en\/wp-json\/wp\/v2\/product\/2975","targetHints":{"allow":["GET"]}}],"collection":[{"href":"https:\/\/buhopapers.com\/en\/wp-json\/wp\/v2\/product"}],"about":[{"href":"https:\/\/buhopapers.com\/en\/wp-json\/wp\/v2\/types\/product"}],"wp:featuredmedia":[{"embeddable":true,"href":"https:\/\/buhopapers.com\/en\/wp-json\/wp\/v2\/media\/2976"}],"wp:attachment":[{"href":"https:\/\/buhopapers.com\/en\/wp-json\/wp\/v2\/media?parent=2975"}],"wp:term":[{"taxonomy":"product_brand","embeddable":true,"href":"https:\/\/buhopapers.com\/en\/wp-json\/wp\/v2\/product_brand?post=2975"},{"taxonomy":"product_cat","embeddable":true,"href":"https:\/\/buhopapers.com\/en\/wp-json\/wp\/v2\/product_cat?post=2975"},{"taxonomy":"product_tag","embeddable":true,"href":"https:\/\/buhopapers.com\/en\/wp-json\/wp\/v2\/product_tag?post=2975"}],"curies":[{"name":"wp","href":"https:\/\/api.w.org\/{rel}","templated":true}]}}