{"id":2955,"date":"2025-08-04T11:45:41","date_gmt":"2025-08-04T11:45:41","guid":{"rendered":"https:\/\/buhopapers.com\/?post_type=product&#038;p=2955"},"modified":"2025-08-05T07:38:20","modified_gmt":"2025-08-05T07:38:20","slug":"1000-conos-buho-classic-king-size-110mm","status":"publish","type":"product","link":"https:\/\/buhopapers.com\/en\/producto\/1000-conos-buho-classic-king-size-110mm\/","title":{"rendered":"1000 CONOS BUHO CLASSIC KING SIZE 110MM"},"content":{"rendered":"<ul>\n<li>Fabricado en Espa\u00f1a.<\/li>\n<li>Papel ultra fino, de combusti\u00f3n lenta y con goma ar\u00e1biga ecol\u00f3gica.<\/li>\n<li>Sello FSC<\/li>\n<li>Caja con 1000 conos.<\/li>\n<li>Tama\u00f1o King Size.<\/li>\n<\/ul>\n","protected":false},"excerpt":{"rendered":"<p>Caja de 1000 conos preliados con papel blanqueado con di\u00f3xido de cloro para minimizar la generaci\u00f3n de dioxinas y otros subproductos t\u00f3xicos asociados al blanqueo tradicional con cloro.<\/p>\n<p>Filtro de 26 mm.<\/p>\n<p>Caja con compuerta lateral.<\/p>\n<p>Tubito prensador de cart\u00f3n en la fila superior.<\/p>\n<p>Tama\u00f1o King Size.<\/p>\n<p>REF: BH023<\/p>\n","protected":false},"featured_media":2956,"template":"","meta":[],"product_brand":[],"product_cat":[112],"product_tag":[],"class_list":{"0":"post-2955","1":"product","2":"type-product","3":"status-publish","4":"has-post-thumbnail","6":"product_cat-conos","8":"first","9":"instock","10":"shipping-taxable","11":"product-type-simple"},"yoast_head":"<!-- This site is optimized with the Yoast SEO plugin v27.4 - https:\/\/yoast.com\/product\/yoast-seo-wordpress\/ -->\n<title>1000 CONOS BUHO CLASSIC KING SIZE 110MM - Buho<\/title>\n<meta name=\"robots\" content=\"index, follow, max-snippet:-1, max-image-preview:large, max-video-preview:-1\" \/>\n<link rel=\"canonical\" href=\"https:\/\/buhopapers.com\/producto\/1000-conos-buho-classic-king-size-110mm\/\" \/>\n<meta property=\"og:locale\" content=\"en_US\" \/>\n<meta property=\"og:type\" content=\"article\" \/>\n<meta property=\"og:title\" content=\"1000 CONOS BUHO CLASSIC KING SIZE 110MM - Buho\" \/>\n<meta property=\"og:description\" content=\"Caja de 1000 conos preliados con papel blanqueado con di\u00f3xido de cloro para minimizar la generaci\u00f3n de dioxinas y otros subproductos t\u00f3xicos asociados al blanqueo tradicional con cloro.  Filtro de 26 mm.  Caja con compuerta lateral.  Tubito prensador de cart\u00f3n en la fila superior.  Tama\u00f1o King Size.  REF: BH023\" \/>\n<meta property=\"og:url\" content=\"https:\/\/buhopapers.com\/producto\/1000-conos-buho-classic-king-size-110mm\/\" \/>\n<meta property=\"og:site_name\" content=\"Buho\" \/>\n<meta property=\"article:modified_time\" content=\"2025-08-05T07:38:20+00:00\" \/>\n<meta property=\"og:image\" content=\"https:\/\/buhopapers.com\/wp-content\/uploads\/2025\/08\/exp-1000-conos-buho-classic-king-size-109mm-1.png\" \/>\n\t<meta property=\"og:image:width\" content=\"800\" \/>\n\t<meta property=\"og:image:height\" content=\"800\" \/>\n\t<meta property=\"og:image:type\" content=\"image\/png\" \/>\n<meta name=\"twitter:card\" content=\"summary_large_image\" \/>\n<meta name=\"twitter:label1\" content=\"Est. reading time\" \/>\n\t<meta name=\"twitter:data1\" content=\"1 minute\" \/>\n<script type=\"application\/ld+json\" class=\"yoast-schema-graph\">{\"@context\":\"https:\\\/\\\/schema.org\",\"@graph\":[{\"@type\":\"WebPage\",\"@id\":\"https:\\\/\\\/buhopapers.com\\\/producto\\\/1000-conos-buho-classic-king-size-110mm\\\/\",\"url\":\"https:\\\/\\\/buhopapers.com\\\/producto\\\/1000-conos-buho-classic-king-size-110mm\\\/\",\"name\":\"1000 CONOS BUHO CLASSIC KING SIZE 110MM - Buho\",\"isPartOf\":{\"@id\":\"https:\\\/\\\/buhopapers.com\\\/#website\"},\"primaryImageOfPage\":{\"@id\":\"https:\\\/\\\/buhopapers.com\\\/producto\\\/1000-conos-buho-classic-king-size-110mm\\\/#primaryimage\"},\"image\":{\"@id\":\"https:\\\/\\\/buhopapers.com\\\/producto\\\/1000-conos-buho-classic-king-size-110mm\\\/#primaryimage\"},\"thumbnailUrl\":\"https:\\\/\\\/buhopapers.com\\\/wp-content\\\/uploads\\\/2025\\\/08\\\/exp-1000-conos-buho-classic-king-size-109mm-1.png\",\"datePublished\":\"2025-08-04T11:45:41+00:00\",\"dateModified\":\"2025-08-05T07:38:20+00:00\",\"breadcrumb\":{\"@id\":\"https:\\\/\\\/buhopapers.com\\\/producto\\\/1000-conos-buho-classic-king-size-110mm\\\/#breadcrumb\"},\"inLanguage\":\"en-US\",\"potentialAction\":[{\"@type\":\"ReadAction\",\"target\":[\"https:\\\/\\\/buhopapers.com\\\/producto\\\/1000-conos-buho-classic-king-size-110mm\\\/\"]}]},{\"@type\":\"ImageObject\",\"inLanguage\":\"en-US\",\"@id\":\"https:\\\/\\\/buhopapers.com\\\/producto\\\/1000-conos-buho-classic-king-size-110mm\\\/#primaryimage\",\"url\":\"https:\\\/\\\/buhopapers.com\\\/wp-content\\\/uploads\\\/2025\\\/08\\\/exp-1000-conos-buho-classic-king-size-109mm-1.png\",\"contentUrl\":\"https:\\\/\\\/buhopapers.com\\\/wp-content\\\/uploads\\\/2025\\\/08\\\/exp-1000-conos-buho-classic-king-size-109mm-1.png\",\"width\":800,\"height\":800},{\"@type\":\"BreadcrumbList\",\"@id\":\"https:\\\/\\\/buhopapers.com\\\/producto\\\/1000-conos-buho-classic-king-size-110mm\\\/#breadcrumb\",\"itemListElement\":[{\"@type\":\"ListItem\",\"position\":1,\"name\":\"Portada\",\"item\":\"https:\\\/\\\/buhopapers.com\\\/\"},{\"@type\":\"ListItem\",\"position\":2,\"name\":\"Productos\",\"item\":\"https:\\\/\\\/buhopapers.com\\\/productos\\\/\"},{\"@type\":\"ListItem\",\"position\":3,\"name\":\"1000 CONOS BUHO CLASSIC KING SIZE 110MM\"}]},{\"@type\":\"WebSite\",\"@id\":\"https:\\\/\\\/buhopapers.com\\\/#website\",\"url\":\"https:\\\/\\\/buhopapers.com\\\/\",\"name\":\"Buho\",\"description\":\"Buho Rolling Papers\",\"publisher\":{\"@id\":\"https:\\\/\\\/buhopapers.com\\\/#organization\"},\"potentialAction\":[{\"@type\":\"SearchAction\",\"target\":{\"@type\":\"EntryPoint\",\"urlTemplate\":\"https:\\\/\\\/buhopapers.com\\\/?s={search_term_string}\"},\"query-input\":{\"@type\":\"PropertyValueSpecification\",\"valueRequired\":true,\"valueName\":\"search_term_string\"}}],\"inLanguage\":\"en-US\"},{\"@type\":\"Organization\",\"@id\":\"https:\\\/\\\/buhopapers.com\\\/#organization\",\"name\":\"Buhopapers\",\"url\":\"https:\\\/\\\/buhopapers.com\\\/\",\"logo\":{\"@type\":\"ImageObject\",\"inLanguage\":\"en-US\",\"@id\":\"https:\\\/\\\/buhopapers.com\\\/#\\\/schema\\\/logo\\\/image\\\/\",\"url\":\"https:\\\/\\\/buhopapers.com\\\/wp-content\\\/uploads\\\/2021\\\/12\\\/logo-buho-classic.png\",\"contentUrl\":\"https:\\\/\\\/buhopapers.com\\\/wp-content\\\/uploads\\\/2021\\\/12\\\/logo-buho-classic.png\",\"width\":120,\"height\":148,\"caption\":\"Buhopapers\"},\"image\":{\"@id\":\"https:\\\/\\\/buhopapers.com\\\/#\\\/schema\\\/logo\\\/image\\\/\"}}]}<\/script>\n<!-- \/ Yoast SEO plugin. -->","yoast_head_json":{"title":"1000 CONOS BUHO CLASSIC KING SIZE 110MM - Buho","robots":{"index":"index","follow":"follow","max-snippet":"max-snippet:-1","max-image-preview":"max-image-preview:large","max-video-preview":"max-video-preview:-1"},"canonical":"https:\/\/buhopapers.com\/producto\/1000-conos-buho-classic-king-size-110mm\/","og_locale":"en_US","og_type":"article","og_title":"1000 CONOS BUHO CLASSIC KING SIZE 110MM - Buho","og_description":"Caja de 1000 conos preliados con papel blanqueado con di\u00f3xido de cloro para minimizar la generaci\u00f3n de dioxinas y otros subproductos t\u00f3xicos asociados al blanqueo tradicional con cloro.  Filtro de 26 mm.  Caja con compuerta lateral.  Tubito prensador de cart\u00f3n en la fila superior.  Tama\u00f1o King Size.  REF: BH023","og_url":"https:\/\/buhopapers.com\/producto\/1000-conos-buho-classic-king-size-110mm\/","og_site_name":"Buho","article_modified_time":"2025-08-05T07:38:20+00:00","og_image":[{"width":800,"height":800,"url":"https:\/\/buhopapers.com\/wp-content\/uploads\/2025\/08\/exp-1000-conos-buho-classic-king-size-109mm-1.png","type":"image\/png"}],"twitter_card":"summary_large_image","twitter_misc":{"Est. reading time":"1 minute"},"schema":{"@context":"https:\/\/schema.org","@graph":[{"@type":"WebPage","@id":"https:\/\/buhopapers.com\/producto\/1000-conos-buho-classic-king-size-110mm\/","url":"https:\/\/buhopapers.com\/producto\/1000-conos-buho-classic-king-size-110mm\/","name":"1000 CONOS BUHO CLASSIC KING SIZE 110MM - Buho","isPartOf":{"@id":"https:\/\/buhopapers.com\/#website"},"primaryImageOfPage":{"@id":"https:\/\/buhopapers.com\/producto\/1000-conos-buho-classic-king-size-110mm\/#primaryimage"},"image":{"@id":"https:\/\/buhopapers.com\/producto\/1000-conos-buho-classic-king-size-110mm\/#primaryimage"},"thumbnailUrl":"https:\/\/buhopapers.com\/wp-content\/uploads\/2025\/08\/exp-1000-conos-buho-classic-king-size-109mm-1.png","datePublished":"2025-08-04T11:45:41+00:00","dateModified":"2025-08-05T07:38:20+00:00","breadcrumb":{"@id":"https:\/\/buhopapers.com\/producto\/1000-conos-buho-classic-king-size-110mm\/#breadcrumb"},"inLanguage":"en-US","potentialAction":[{"@type":"ReadAction","target":["https:\/\/buhopapers.com\/producto\/1000-conos-buho-classic-king-size-110mm\/"]}]},{"@type":"ImageObject","inLanguage":"en-US","@id":"https:\/\/buhopapers.com\/producto\/1000-conos-buho-classic-king-size-110mm\/#primaryimage","url":"https:\/\/buhopapers.com\/wp-content\/uploads\/2025\/08\/exp-1000-conos-buho-classic-king-size-109mm-1.png","contentUrl":"https:\/\/buhopapers.com\/wp-content\/uploads\/2025\/08\/exp-1000-conos-buho-classic-king-size-109mm-1.png","width":800,"height":800},{"@type":"BreadcrumbList","@id":"https:\/\/buhopapers.com\/producto\/1000-conos-buho-classic-king-size-110mm\/#breadcrumb","itemListElement":[{"@type":"ListItem","position":1,"name":"Portada","item":"https:\/\/buhopapers.com\/"},{"@type":"ListItem","position":2,"name":"Productos","item":"https:\/\/buhopapers.com\/productos\/"},{"@type":"ListItem","position":3,"name":"1000 CONOS BUHO CLASSIC KING SIZE 110MM"}]},{"@type":"WebSite","@id":"https:\/\/buhopapers.com\/#website","url":"https:\/\/buhopapers.com\/","name":"Buho","description":"Buho Rolling Papers","publisher":{"@id":"https:\/\/buhopapers.com\/#organization"},"potentialAction":[{"@type":"SearchAction","target":{"@type":"EntryPoint","urlTemplate":"https:\/\/buhopapers.com\/?s={search_term_string}"},"query-input":{"@type":"PropertyValueSpecification","valueRequired":true,"valueName":"search_term_string"}}],"inLanguage":"en-US"},{"@type":"Organization","@id":"https:\/\/buhopapers.com\/#organization","name":"Buhopapers","url":"https:\/\/buhopapers.com\/","logo":{"@type":"ImageObject","inLanguage":"en-US","@id":"https:\/\/buhopapers.com\/#\/schema\/logo\/image\/","url":"https:\/\/buhopapers.com\/wp-content\/uploads\/2021\/12\/logo-buho-classic.png","contentUrl":"https:\/\/buhopapers.com\/wp-content\/uploads\/2021\/12\/logo-buho-classic.png","width":120,"height":148,"caption":"Buhopapers"},"image":{"@id":"https:\/\/buhopapers.com\/#\/schema\/logo\/image\/"}}]}},"_links":{"self":[{"href":"https:\/\/buhopapers.com\/en\/wp-json\/wp\/v2\/product\/2955","targetHints":{"allow":["GET"]}}],"collection":[{"href":"https:\/\/buhopapers.com\/en\/wp-json\/wp\/v2\/product"}],"about":[{"href":"https:\/\/buhopapers.com\/en\/wp-json\/wp\/v2\/types\/product"}],"wp:featuredmedia":[{"embeddable":true,"href":"https:\/\/buhopapers.com\/en\/wp-json\/wp\/v2\/media\/2956"}],"wp:attachment":[{"href":"https:\/\/buhopapers.com\/en\/wp-json\/wp\/v2\/media?parent=2955"}],"wp:term":[{"taxonomy":"product_brand","embeddable":true,"href":"https:\/\/buhopapers.com\/en\/wp-json\/wp\/v2\/product_brand?post=2955"},{"taxonomy":"product_cat","embeddable":true,"href":"https:\/\/buhopapers.com\/en\/wp-json\/wp\/v2\/product_cat?post=2955"},{"taxonomy":"product_tag","embeddable":true,"href":"https:\/\/buhopapers.com\/en\/wp-json\/wp\/v2\/product_tag?post=2955"}],"curies":[{"name":"wp","href":"https:\/\/api.w.org\/{rel}","templated":true}]}}