{"id":2880,"date":"2025-08-04T07:35:39","date_gmt":"2025-08-04T07:35:39","guid":{"rendered":"https:\/\/buhopapers.com\/?post_type=product&#038;p=2880"},"modified":"2025-08-05T07:39:06","modified_gmt":"2025-08-05T07:39:06","slug":"filtros-buho-6mm-long","status":"publish","type":"product","link":"https:\/\/buhopapers.com\/en\/producto\/filtros-buho-6mm-long\/","title":{"rendered":"FILTROS BUHO 6MM LONG"},"content":{"rendered":"<div class=\"elementor-element elementor-element-f4b74b8 elementor-widget elementor-widget-woocommerce-product-short-description\" data-id=\"f4b74b8\" data-element_type=\"widget\" data-widget_type=\"woocommerce-product-short-description.default\">\n<div class=\"elementor-widget-container\">\n<div class=\"woocommerce-product-details__short-description\">\n<ul>\n<li>Un nuevo formato mucho m\u00e1s f\u00e1cil de liar.<\/li>\n<li>180 filtros de 6mm por bolsa y 15 bolsas por expositor.<\/li>\n<li>Producto fabricado en la Uni\u00f3n Europea.<\/li>\n<\/ul>\n<\/div>\n<\/div>\n<\/div>\n","protected":false},"excerpt":{"rendered":"<p><span class=\"a-list-item\">Filtros con 180 unidades de 6mm.<\/span><\/p>\n<p><span class=\"a-list-item\">Filtraci\u00f3n \u00f3ptima y tama\u00f1o compatible con todos los dispositivos de liado.<\/span><\/p>\n<p><span class=\"a-list-item\">Calidad garantizada.<\/span><\/p>\n<p><span class=\"a-list-item\">Producto comprometido con el medio ambiente.<\/span><\/p>\n<p>REF: BH024<\/p>\n","protected":false},"featured_media":2923,"template":"","meta":[],"product_brand":[],"product_cat":[38],"product_tag":[],"class_list":{"0":"post-2880","1":"product","2":"type-product","3":"status-publish","4":"has-post-thumbnail","6":"product_cat-filtros-y-tubos","8":"first","9":"instock","10":"shipping-taxable","11":"product-type-simple"},"yoast_head":"<!-- This site is optimized with the Yoast SEO plugin v27.4 - https:\/\/yoast.com\/product\/yoast-seo-wordpress\/ -->\n<title>FILTROS BUHO 6MM LONG - Buho<\/title>\n<meta name=\"robots\" content=\"index, follow, max-snippet:-1, max-image-preview:large, max-video-preview:-1\" \/>\n<link rel=\"canonical\" href=\"https:\/\/buhopapers.com\/producto\/filtros-buho-6mm-long\/\" \/>\n<meta property=\"og:locale\" content=\"en_US\" \/>\n<meta property=\"og:type\" content=\"article\" \/>\n<meta property=\"og:title\" content=\"FILTROS BUHO 6MM LONG - Buho\" \/>\n<meta property=\"og:description\" content=\"Filtros con 180 unidades de 6mm.  Filtraci\u00f3n \u00f3ptima y tama\u00f1o compatible con todos los dispositivos de liado.  Calidad garantizada.  Producto comprometido con el medio ambiente.  REF: BH024\" \/>\n<meta property=\"og:url\" content=\"https:\/\/buhopapers.com\/producto\/filtros-buho-6mm-long\/\" \/>\n<meta property=\"og:site_name\" content=\"Buho\" \/>\n<meta property=\"article:modified_time\" content=\"2025-08-05T07:39:06+00:00\" \/>\n<meta property=\"og:image\" content=\"https:\/\/buhopapers.com\/wp-content\/uploads\/2025\/03\/filtros-buho-6mm-long-180x15-3.png\" \/>\n\t<meta property=\"og:image:width\" content=\"800\" \/>\n\t<meta property=\"og:image:height\" content=\"800\" \/>\n\t<meta property=\"og:image:type\" content=\"image\/png\" \/>\n<meta name=\"twitter:card\" content=\"summary_large_image\" \/>\n<meta name=\"twitter:label1\" content=\"Est. reading time\" \/>\n\t<meta name=\"twitter:data1\" content=\"1 minute\" \/>\n<script type=\"application\/ld+json\" class=\"yoast-schema-graph\">{\"@context\":\"https:\\\/\\\/schema.org\",\"@graph\":[{\"@type\":\"WebPage\",\"@id\":\"https:\\\/\\\/buhopapers.com\\\/producto\\\/filtros-buho-6mm-long\\\/\",\"url\":\"https:\\\/\\\/buhopapers.com\\\/producto\\\/filtros-buho-6mm-long\\\/\",\"name\":\"FILTROS BUHO 6MM LONG - Buho\",\"isPartOf\":{\"@id\":\"https:\\\/\\\/buhopapers.com\\\/#website\"},\"primaryImageOfPage\":{\"@id\":\"https:\\\/\\\/buhopapers.com\\\/producto\\\/filtros-buho-6mm-long\\\/#primaryimage\"},\"image\":{\"@id\":\"https:\\\/\\\/buhopapers.com\\\/producto\\\/filtros-buho-6mm-long\\\/#primaryimage\"},\"thumbnailUrl\":\"https:\\\/\\\/buhopapers.com\\\/wp-content\\\/uploads\\\/2025\\\/03\\\/filtros-buho-6mm-long-180x15-3.png\",\"datePublished\":\"2025-08-04T07:35:39+00:00\",\"dateModified\":\"2025-08-05T07:39:06+00:00\",\"breadcrumb\":{\"@id\":\"https:\\\/\\\/buhopapers.com\\\/producto\\\/filtros-buho-6mm-long\\\/#breadcrumb\"},\"inLanguage\":\"en-US\",\"potentialAction\":[{\"@type\":\"ReadAction\",\"target\":[\"https:\\\/\\\/buhopapers.com\\\/producto\\\/filtros-buho-6mm-long\\\/\"]}]},{\"@type\":\"ImageObject\",\"inLanguage\":\"en-US\",\"@id\":\"https:\\\/\\\/buhopapers.com\\\/producto\\\/filtros-buho-6mm-long\\\/#primaryimage\",\"url\":\"https:\\\/\\\/buhopapers.com\\\/wp-content\\\/uploads\\\/2025\\\/03\\\/filtros-buho-6mm-long-180x15-3.png\",\"contentUrl\":\"https:\\\/\\\/buhopapers.com\\\/wp-content\\\/uploads\\\/2025\\\/03\\\/filtros-buho-6mm-long-180x15-3.png\",\"width\":800,\"height\":800},{\"@type\":\"BreadcrumbList\",\"@id\":\"https:\\\/\\\/buhopapers.com\\\/producto\\\/filtros-buho-6mm-long\\\/#breadcrumb\",\"itemListElement\":[{\"@type\":\"ListItem\",\"position\":1,\"name\":\"Portada\",\"item\":\"https:\\\/\\\/buhopapers.com\\\/\"},{\"@type\":\"ListItem\",\"position\":2,\"name\":\"Productos\",\"item\":\"https:\\\/\\\/buhopapers.com\\\/productos\\\/\"},{\"@type\":\"ListItem\",\"position\":3,\"name\":\"FILTROS BUHO 6MM LONG\"}]},{\"@type\":\"WebSite\",\"@id\":\"https:\\\/\\\/buhopapers.com\\\/#website\",\"url\":\"https:\\\/\\\/buhopapers.com\\\/\",\"name\":\"Buho\",\"description\":\"Buho Rolling Papers\",\"publisher\":{\"@id\":\"https:\\\/\\\/buhopapers.com\\\/#organization\"},\"potentialAction\":[{\"@type\":\"SearchAction\",\"target\":{\"@type\":\"EntryPoint\",\"urlTemplate\":\"https:\\\/\\\/buhopapers.com\\\/?s={search_term_string}\"},\"query-input\":{\"@type\":\"PropertyValueSpecification\",\"valueRequired\":true,\"valueName\":\"search_term_string\"}}],\"inLanguage\":\"en-US\"},{\"@type\":\"Organization\",\"@id\":\"https:\\\/\\\/buhopapers.com\\\/#organization\",\"name\":\"Buhopapers\",\"url\":\"https:\\\/\\\/buhopapers.com\\\/\",\"logo\":{\"@type\":\"ImageObject\",\"inLanguage\":\"en-US\",\"@id\":\"https:\\\/\\\/buhopapers.com\\\/#\\\/schema\\\/logo\\\/image\\\/\",\"url\":\"https:\\\/\\\/buhopapers.com\\\/wp-content\\\/uploads\\\/2021\\\/12\\\/logo-buho-classic.png\",\"contentUrl\":\"https:\\\/\\\/buhopapers.com\\\/wp-content\\\/uploads\\\/2021\\\/12\\\/logo-buho-classic.png\",\"width\":120,\"height\":148,\"caption\":\"Buhopapers\"},\"image\":{\"@id\":\"https:\\\/\\\/buhopapers.com\\\/#\\\/schema\\\/logo\\\/image\\\/\"}}]}<\/script>\n<!-- \/ Yoast SEO plugin. -->","yoast_head_json":{"title":"FILTROS BUHO 6MM LONG - Buho","robots":{"index":"index","follow":"follow","max-snippet":"max-snippet:-1","max-image-preview":"max-image-preview:large","max-video-preview":"max-video-preview:-1"},"canonical":"https:\/\/buhopapers.com\/producto\/filtros-buho-6mm-long\/","og_locale":"en_US","og_type":"article","og_title":"FILTROS BUHO 6MM LONG - Buho","og_description":"Filtros con 180 unidades de 6mm.  Filtraci\u00f3n \u00f3ptima y tama\u00f1o compatible con todos los dispositivos de liado.  Calidad garantizada.  Producto comprometido con el medio ambiente.  REF: BH024","og_url":"https:\/\/buhopapers.com\/producto\/filtros-buho-6mm-long\/","og_site_name":"Buho","article_modified_time":"2025-08-05T07:39:06+00:00","og_image":[{"width":800,"height":800,"url":"https:\/\/buhopapers.com\/wp-content\/uploads\/2025\/03\/filtros-buho-6mm-long-180x15-3.png","type":"image\/png"}],"twitter_card":"summary_large_image","twitter_misc":{"Est. reading time":"1 minute"},"schema":{"@context":"https:\/\/schema.org","@graph":[{"@type":"WebPage","@id":"https:\/\/buhopapers.com\/producto\/filtros-buho-6mm-long\/","url":"https:\/\/buhopapers.com\/producto\/filtros-buho-6mm-long\/","name":"FILTROS BUHO 6MM LONG - Buho","isPartOf":{"@id":"https:\/\/buhopapers.com\/#website"},"primaryImageOfPage":{"@id":"https:\/\/buhopapers.com\/producto\/filtros-buho-6mm-long\/#primaryimage"},"image":{"@id":"https:\/\/buhopapers.com\/producto\/filtros-buho-6mm-long\/#primaryimage"},"thumbnailUrl":"https:\/\/buhopapers.com\/wp-content\/uploads\/2025\/03\/filtros-buho-6mm-long-180x15-3.png","datePublished":"2025-08-04T07:35:39+00:00","dateModified":"2025-08-05T07:39:06+00:00","breadcrumb":{"@id":"https:\/\/buhopapers.com\/producto\/filtros-buho-6mm-long\/#breadcrumb"},"inLanguage":"en-US","potentialAction":[{"@type":"ReadAction","target":["https:\/\/buhopapers.com\/producto\/filtros-buho-6mm-long\/"]}]},{"@type":"ImageObject","inLanguage":"en-US","@id":"https:\/\/buhopapers.com\/producto\/filtros-buho-6mm-long\/#primaryimage","url":"https:\/\/buhopapers.com\/wp-content\/uploads\/2025\/03\/filtros-buho-6mm-long-180x15-3.png","contentUrl":"https:\/\/buhopapers.com\/wp-content\/uploads\/2025\/03\/filtros-buho-6mm-long-180x15-3.png","width":800,"height":800},{"@type":"BreadcrumbList","@id":"https:\/\/buhopapers.com\/producto\/filtros-buho-6mm-long\/#breadcrumb","itemListElement":[{"@type":"ListItem","position":1,"name":"Portada","item":"https:\/\/buhopapers.com\/"},{"@type":"ListItem","position":2,"name":"Productos","item":"https:\/\/buhopapers.com\/productos\/"},{"@type":"ListItem","position":3,"name":"FILTROS BUHO 6MM LONG"}]},{"@type":"WebSite","@id":"https:\/\/buhopapers.com\/#website","url":"https:\/\/buhopapers.com\/","name":"Buho","description":"Buho Rolling Papers","publisher":{"@id":"https:\/\/buhopapers.com\/#organization"},"potentialAction":[{"@type":"SearchAction","target":{"@type":"EntryPoint","urlTemplate":"https:\/\/buhopapers.com\/?s={search_term_string}"},"query-input":{"@type":"PropertyValueSpecification","valueRequired":true,"valueName":"search_term_string"}}],"inLanguage":"en-US"},{"@type":"Organization","@id":"https:\/\/buhopapers.com\/#organization","name":"Buhopapers","url":"https:\/\/buhopapers.com\/","logo":{"@type":"ImageObject","inLanguage":"en-US","@id":"https:\/\/buhopapers.com\/#\/schema\/logo\/image\/","url":"https:\/\/buhopapers.com\/wp-content\/uploads\/2021\/12\/logo-buho-classic.png","contentUrl":"https:\/\/buhopapers.com\/wp-content\/uploads\/2021\/12\/logo-buho-classic.png","width":120,"height":148,"caption":"Buhopapers"},"image":{"@id":"https:\/\/buhopapers.com\/#\/schema\/logo\/image\/"}}]}},"_links":{"self":[{"href":"https:\/\/buhopapers.com\/en\/wp-json\/wp\/v2\/product\/2880","targetHints":{"allow":["GET"]}}],"collection":[{"href":"https:\/\/buhopapers.com\/en\/wp-json\/wp\/v2\/product"}],"about":[{"href":"https:\/\/buhopapers.com\/en\/wp-json\/wp\/v2\/types\/product"}],"wp:featuredmedia":[{"embeddable":true,"href":"https:\/\/buhopapers.com\/en\/wp-json\/wp\/v2\/media\/2923"}],"wp:attachment":[{"href":"https:\/\/buhopapers.com\/en\/wp-json\/wp\/v2\/media?parent=2880"}],"wp:term":[{"taxonomy":"product_brand","embeddable":true,"href":"https:\/\/buhopapers.com\/en\/wp-json\/wp\/v2\/product_brand?post=2880"},{"taxonomy":"product_cat","embeddable":true,"href":"https:\/\/buhopapers.com\/en\/wp-json\/wp\/v2\/product_cat?post=2880"},{"taxonomy":"product_tag","embeddable":true,"href":"https:\/\/buhopapers.com\/en\/wp-json\/wp\/v2\/product_tag?post=2880"}],"curies":[{"name":"wp","href":"https:\/\/api.w.org\/{rel}","templated":true}]}}