{"id":2648,"date":"2024-03-05T10:57:42","date_gmt":"2024-03-05T10:57:42","guid":{"rendered":"https:\/\/buhopapers.com\/?post_type=product&#038;p=2648"},"modified":"2025-08-04T09:24:14","modified_gmt":"2025-08-04T09:24:14","slug":"expositor-buho-classic-regular-70mm-100","status":"publish","type":"product","link":"https:\/\/buhopapers.com\/en\/producto\/expositor-buho-classic-regular-70mm-100\/","title":{"rendered":"EXPOSITOR BUHO CLASSIC REGULAR 70MM (100)"},"content":{"rendered":"<ul>\n<li>El expositor contiene 100 libritos.<\/li>\n<li>Fabricado en Espa\u00f1a.<\/li>\n<li>Ultra fino.<\/li>\n<li>Blanqueado con di\u00f3xido de cloro.<\/li>\n<li>Combusti\u00f3n lenta.<\/li>\n<li>Goma ar\u00e1bica ecol\u00f3gica.<\/li>\n<li>Sello FSC.<\/li>\n<\/ul>\n","protected":false},"excerpt":{"rendered":"<p>El papel de fumar Buho Classic Regular est\u00e1 blanqueado con di\u00f3xido de cloro para minimizar la generaci\u00f3n de dioxinas y otros subproductos t\u00f3xicos asociados al blanqueo tradicional con cloro.<\/p>\n<p>Todos los libritos de papel de fumar Buho tienen en la primera hoja el logotipo de la marca para garantizar que el libro est\u00e1 completo y que es un producto original.<\/p>\n<p>REF: BH016<\/p>\n","protected":false},"featured_media":2653,"template":"","meta":[],"product_brand":[],"product_cat":[36],"product_tag":[],"class_list":{"0":"post-2648","1":"product","2":"type-product","3":"status-publish","4":"has-post-thumbnail","6":"product_cat-buho-classic","8":"first","9":"instock","10":"shipping-taxable","11":"product-type-simple"},"yoast_head":"<!-- This site is optimized with the Yoast SEO plugin v27.4 - https:\/\/yoast.com\/product\/yoast-seo-wordpress\/ -->\n<title>EXPOSITOR BUHO CLASSIC REGULAR 70MM (100) - Buho<\/title>\n<meta name=\"robots\" content=\"index, follow, max-snippet:-1, max-image-preview:large, max-video-preview:-1\" \/>\n<link rel=\"canonical\" href=\"https:\/\/buhopapers.com\/producto\/expositor-buho-classic-regular-70mm-100\/\" \/>\n<meta property=\"og:locale\" content=\"en_US\" \/>\n<meta property=\"og:type\" content=\"article\" \/>\n<meta property=\"og:title\" content=\"EXPOSITOR BUHO CLASSIC REGULAR 70MM (100) - Buho\" \/>\n<meta property=\"og:description\" content=\"El papel de fumar Buho Classic Regular est\u00e1 blanqueado con di\u00f3xido de cloro para minimizar la generaci\u00f3n de dioxinas y otros subproductos t\u00f3xicos asociados al blanqueo tradicional con cloro.  Todos los libritos de papel de fumar Buho tienen en la primera hoja el logotipo de la marca para garantizar que el libro est\u00e1 completo y que es un producto original.  REF: BH016\" \/>\n<meta property=\"og:url\" content=\"https:\/\/buhopapers.com\/producto\/expositor-buho-classic-regular-70mm-100\/\" \/>\n<meta property=\"og:site_name\" content=\"Buho\" \/>\n<meta property=\"article:modified_time\" content=\"2025-08-04T09:24:14+00:00\" \/>\n<meta property=\"og:image\" content=\"https:\/\/buhopapers.com\/wp-content\/uploads\/2024\/03\/BH016_3.png\" \/>\n\t<meta property=\"og:image:width\" content=\"800\" \/>\n\t<meta property=\"og:image:height\" content=\"800\" \/>\n\t<meta property=\"og:image:type\" content=\"image\/png\" \/>\n<meta name=\"twitter:card\" content=\"summary_large_image\" \/>\n<meta name=\"twitter:label1\" content=\"Est. reading time\" \/>\n\t<meta name=\"twitter:data1\" content=\"1 minute\" \/>\n<script type=\"application\/ld+json\" class=\"yoast-schema-graph\">{\"@context\":\"https:\\\/\\\/schema.org\",\"@graph\":[{\"@type\":\"WebPage\",\"@id\":\"https:\\\/\\\/buhopapers.com\\\/producto\\\/expositor-buho-classic-regular-70mm-100\\\/\",\"url\":\"https:\\\/\\\/buhopapers.com\\\/producto\\\/expositor-buho-classic-regular-70mm-100\\\/\",\"name\":\"EXPOSITOR BUHO CLASSIC REGULAR 70MM (100) - Buho\",\"isPartOf\":{\"@id\":\"https:\\\/\\\/buhopapers.com\\\/#website\"},\"primaryImageOfPage\":{\"@id\":\"https:\\\/\\\/buhopapers.com\\\/producto\\\/expositor-buho-classic-regular-70mm-100\\\/#primaryimage\"},\"image\":{\"@id\":\"https:\\\/\\\/buhopapers.com\\\/producto\\\/expositor-buho-classic-regular-70mm-100\\\/#primaryimage\"},\"thumbnailUrl\":\"https:\\\/\\\/buhopapers.com\\\/wp-content\\\/uploads\\\/2024\\\/03\\\/BH016_3.png\",\"datePublished\":\"2024-03-05T10:57:42+00:00\",\"dateModified\":\"2025-08-04T09:24:14+00:00\",\"breadcrumb\":{\"@id\":\"https:\\\/\\\/buhopapers.com\\\/producto\\\/expositor-buho-classic-regular-70mm-100\\\/#breadcrumb\"},\"inLanguage\":\"en-US\",\"potentialAction\":[{\"@type\":\"ReadAction\",\"target\":[\"https:\\\/\\\/buhopapers.com\\\/producto\\\/expositor-buho-classic-regular-70mm-100\\\/\"]}]},{\"@type\":\"ImageObject\",\"inLanguage\":\"en-US\",\"@id\":\"https:\\\/\\\/buhopapers.com\\\/producto\\\/expositor-buho-classic-regular-70mm-100\\\/#primaryimage\",\"url\":\"https:\\\/\\\/buhopapers.com\\\/wp-content\\\/uploads\\\/2024\\\/03\\\/BH016_3.png\",\"contentUrl\":\"https:\\\/\\\/buhopapers.com\\\/wp-content\\\/uploads\\\/2024\\\/03\\\/BH016_3.png\",\"width\":800,\"height\":800},{\"@type\":\"BreadcrumbList\",\"@id\":\"https:\\\/\\\/buhopapers.com\\\/producto\\\/expositor-buho-classic-regular-70mm-100\\\/#breadcrumb\",\"itemListElement\":[{\"@type\":\"ListItem\",\"position\":1,\"name\":\"Portada\",\"item\":\"https:\\\/\\\/buhopapers.com\\\/\"},{\"@type\":\"ListItem\",\"position\":2,\"name\":\"Productos\",\"item\":\"https:\\\/\\\/buhopapers.com\\\/productos\\\/\"},{\"@type\":\"ListItem\",\"position\":3,\"name\":\"EXPOSITOR BUHO CLASSIC REGULAR 70MM (100)\"}]},{\"@type\":\"WebSite\",\"@id\":\"https:\\\/\\\/buhopapers.com\\\/#website\",\"url\":\"https:\\\/\\\/buhopapers.com\\\/\",\"name\":\"Buho\",\"description\":\"Buho Rolling Papers\",\"publisher\":{\"@id\":\"https:\\\/\\\/buhopapers.com\\\/#organization\"},\"potentialAction\":[{\"@type\":\"SearchAction\",\"target\":{\"@type\":\"EntryPoint\",\"urlTemplate\":\"https:\\\/\\\/buhopapers.com\\\/?s={search_term_string}\"},\"query-input\":{\"@type\":\"PropertyValueSpecification\",\"valueRequired\":true,\"valueName\":\"search_term_string\"}}],\"inLanguage\":\"en-US\"},{\"@type\":\"Organization\",\"@id\":\"https:\\\/\\\/buhopapers.com\\\/#organization\",\"name\":\"Buhopapers\",\"url\":\"https:\\\/\\\/buhopapers.com\\\/\",\"logo\":{\"@type\":\"ImageObject\",\"inLanguage\":\"en-US\",\"@id\":\"https:\\\/\\\/buhopapers.com\\\/#\\\/schema\\\/logo\\\/image\\\/\",\"url\":\"https:\\\/\\\/buhopapers.com\\\/wp-content\\\/uploads\\\/2021\\\/12\\\/logo-buho-classic.png\",\"contentUrl\":\"https:\\\/\\\/buhopapers.com\\\/wp-content\\\/uploads\\\/2021\\\/12\\\/logo-buho-classic.png\",\"width\":120,\"height\":148,\"caption\":\"Buhopapers\"},\"image\":{\"@id\":\"https:\\\/\\\/buhopapers.com\\\/#\\\/schema\\\/logo\\\/image\\\/\"}}]}<\/script>\n<!-- \/ Yoast SEO plugin. -->","yoast_head_json":{"title":"EXPOSITOR BUHO CLASSIC REGULAR 70MM (100) - Buho","robots":{"index":"index","follow":"follow","max-snippet":"max-snippet:-1","max-image-preview":"max-image-preview:large","max-video-preview":"max-video-preview:-1"},"canonical":"https:\/\/buhopapers.com\/producto\/expositor-buho-classic-regular-70mm-100\/","og_locale":"en_US","og_type":"article","og_title":"EXPOSITOR BUHO CLASSIC REGULAR 70MM (100) - Buho","og_description":"El papel de fumar Buho Classic Regular est\u00e1 blanqueado con di\u00f3xido de cloro para minimizar la generaci\u00f3n de dioxinas y otros subproductos t\u00f3xicos asociados al blanqueo tradicional con cloro.  Todos los libritos de papel de fumar Buho tienen en la primera hoja el logotipo de la marca para garantizar que el libro est\u00e1 completo y que es un producto original.  REF: BH016","og_url":"https:\/\/buhopapers.com\/producto\/expositor-buho-classic-regular-70mm-100\/","og_site_name":"Buho","article_modified_time":"2025-08-04T09:24:14+00:00","og_image":[{"width":800,"height":800,"url":"https:\/\/buhopapers.com\/wp-content\/uploads\/2024\/03\/BH016_3.png","type":"image\/png"}],"twitter_card":"summary_large_image","twitter_misc":{"Est. reading time":"1 minute"},"schema":{"@context":"https:\/\/schema.org","@graph":[{"@type":"WebPage","@id":"https:\/\/buhopapers.com\/producto\/expositor-buho-classic-regular-70mm-100\/","url":"https:\/\/buhopapers.com\/producto\/expositor-buho-classic-regular-70mm-100\/","name":"EXPOSITOR BUHO CLASSIC REGULAR 70MM (100) - Buho","isPartOf":{"@id":"https:\/\/buhopapers.com\/#website"},"primaryImageOfPage":{"@id":"https:\/\/buhopapers.com\/producto\/expositor-buho-classic-regular-70mm-100\/#primaryimage"},"image":{"@id":"https:\/\/buhopapers.com\/producto\/expositor-buho-classic-regular-70mm-100\/#primaryimage"},"thumbnailUrl":"https:\/\/buhopapers.com\/wp-content\/uploads\/2024\/03\/BH016_3.png","datePublished":"2024-03-05T10:57:42+00:00","dateModified":"2025-08-04T09:24:14+00:00","breadcrumb":{"@id":"https:\/\/buhopapers.com\/producto\/expositor-buho-classic-regular-70mm-100\/#breadcrumb"},"inLanguage":"en-US","potentialAction":[{"@type":"ReadAction","target":["https:\/\/buhopapers.com\/producto\/expositor-buho-classic-regular-70mm-100\/"]}]},{"@type":"ImageObject","inLanguage":"en-US","@id":"https:\/\/buhopapers.com\/producto\/expositor-buho-classic-regular-70mm-100\/#primaryimage","url":"https:\/\/buhopapers.com\/wp-content\/uploads\/2024\/03\/BH016_3.png","contentUrl":"https:\/\/buhopapers.com\/wp-content\/uploads\/2024\/03\/BH016_3.png","width":800,"height":800},{"@type":"BreadcrumbList","@id":"https:\/\/buhopapers.com\/producto\/expositor-buho-classic-regular-70mm-100\/#breadcrumb","itemListElement":[{"@type":"ListItem","position":1,"name":"Portada","item":"https:\/\/buhopapers.com\/"},{"@type":"ListItem","position":2,"name":"Productos","item":"https:\/\/buhopapers.com\/productos\/"},{"@type":"ListItem","position":3,"name":"EXPOSITOR BUHO CLASSIC REGULAR 70MM (100)"}]},{"@type":"WebSite","@id":"https:\/\/buhopapers.com\/#website","url":"https:\/\/buhopapers.com\/","name":"Buho","description":"Buho Rolling Papers","publisher":{"@id":"https:\/\/buhopapers.com\/#organization"},"potentialAction":[{"@type":"SearchAction","target":{"@type":"EntryPoint","urlTemplate":"https:\/\/buhopapers.com\/?s={search_term_string}"},"query-input":{"@type":"PropertyValueSpecification","valueRequired":true,"valueName":"search_term_string"}}],"inLanguage":"en-US"},{"@type":"Organization","@id":"https:\/\/buhopapers.com\/#organization","name":"Buhopapers","url":"https:\/\/buhopapers.com\/","logo":{"@type":"ImageObject","inLanguage":"en-US","@id":"https:\/\/buhopapers.com\/#\/schema\/logo\/image\/","url":"https:\/\/buhopapers.com\/wp-content\/uploads\/2021\/12\/logo-buho-classic.png","contentUrl":"https:\/\/buhopapers.com\/wp-content\/uploads\/2021\/12\/logo-buho-classic.png","width":120,"height":148,"caption":"Buhopapers"},"image":{"@id":"https:\/\/buhopapers.com\/#\/schema\/logo\/image\/"}}]}},"_links":{"self":[{"href":"https:\/\/buhopapers.com\/en\/wp-json\/wp\/v2\/product\/2648","targetHints":{"allow":["GET"]}}],"collection":[{"href":"https:\/\/buhopapers.com\/en\/wp-json\/wp\/v2\/product"}],"about":[{"href":"https:\/\/buhopapers.com\/en\/wp-json\/wp\/v2\/types\/product"}],"wp:featuredmedia":[{"embeddable":true,"href":"https:\/\/buhopapers.com\/en\/wp-json\/wp\/v2\/media\/2653"}],"wp:attachment":[{"href":"https:\/\/buhopapers.com\/en\/wp-json\/wp\/v2\/media?parent=2648"}],"wp:term":[{"taxonomy":"product_brand","embeddable":true,"href":"https:\/\/buhopapers.com\/en\/wp-json\/wp\/v2\/product_brand?post=2648"},{"taxonomy":"product_cat","embeddable":true,"href":"https:\/\/buhopapers.com\/en\/wp-json\/wp\/v2\/product_cat?post=2648"},{"taxonomy":"product_tag","embeddable":true,"href":"https:\/\/buhopapers.com\/en\/wp-json\/wp\/v2\/product_tag?post=2648"}],"curies":[{"name":"wp","href":"https:\/\/api.w.org\/{rel}","templated":true}]}}