{"id":2238,"date":"2023-05-02T14:54:23","date_gmt":"2023-05-02T14:54:23","guid":{"rendered":"https:\/\/buhopapers.com\/?post_type=product&#038;p=2238"},"modified":"2025-08-05T07:43:51","modified_gmt":"2025-08-05T07:43:51","slug":"conos-buho-natural-ks-1000","status":"publish","type":"product","link":"https:\/\/buhopapers.com\/en\/producto\/conos-buho-natural-ks-1000\/","title":{"rendered":"1000 CONOS BUHO NATURAL KING SIZE 110MM"},"content":{"rendered":"<ul>\n<li>Fabricado en Espa\u00f1a.<\/li>\n<li>Natural<\/li>\n<li>Papel ultra fino, de combusti\u00f3n lenta y con goma ar\u00e1biga ecol\u00f3gica.<\/li>\n<li>Sello FSC<\/li>\n<li>Caja con 1000 conos.<\/li>\n<li>Tama\u00f1o King Size.<\/li>\n<\/ul>\n","protected":false},"excerpt":{"rendered":"<p>Caja de 1000 conos preliados con papel de fibras de madera y sin uso de cloro para reducir al m\u00e1ximo el impacto ambiental.<\/p>\n<p>Filtro de 26 mm.<\/p>\n<p>Caja con compuerta lateral.<\/p>\n<p>Tubito prensador de cart\u00f3n en la fila superior.<\/p>\n<p>Tama\u00f1o King Size.<\/p>\n<p>Combusti\u00f3n uniforme para disfrutar de caladas suaves y prolongadas sin tener que preocuparte por encender constantemente el cono.<\/p>\n<p>REF: BH023<\/p>\n","protected":false},"featured_media":2927,"template":"","meta":[],"product_brand":[],"product_cat":[112],"product_tag":[],"class_list":{"0":"post-2238","1":"product","2":"type-product","3":"status-publish","4":"has-post-thumbnail","6":"product_cat-conos","8":"first","9":"instock","10":"shipping-taxable","11":"product-type-simple"},"yoast_head":"<!-- This site is optimized with the Yoast SEO plugin v27.4 - https:\/\/yoast.com\/product\/yoast-seo-wordpress\/ -->\n<title>1000 CONOS BUHO NATURAL KING SIZE 110MM - Buho<\/title>\n<meta name=\"robots\" content=\"index, follow, max-snippet:-1, max-image-preview:large, max-video-preview:-1\" \/>\n<link rel=\"canonical\" href=\"https:\/\/buhopapers.com\/producto\/conos-buho-natural-ks-1000\/\" \/>\n<meta property=\"og:locale\" content=\"en_US\" \/>\n<meta property=\"og:type\" content=\"article\" \/>\n<meta property=\"og:title\" content=\"1000 CONOS BUHO NATURAL KING SIZE 110MM - Buho\" \/>\n<meta property=\"og:description\" content=\"Caja de 1000 conos preliados con papel de fibras de madera y sin uso de cloro para reducir al m\u00e1ximo el impacto ambiental.  Filtro de 26 mm.  Caja con compuerta lateral.  Tubito prensador de cart\u00f3n en la fila superior.  Tama\u00f1o King Size.  Combusti\u00f3n uniforme para disfrutar de caladas suaves y prolongadas sin tener que preocuparte por encender constantemente el cono.  REF: BH023\" \/>\n<meta property=\"og:url\" content=\"https:\/\/buhopapers.com\/producto\/conos-buho-natural-ks-1000\/\" \/>\n<meta property=\"og:site_name\" content=\"Buho\" \/>\n<meta property=\"article:modified_time\" content=\"2025-08-05T07:43:51+00:00\" \/>\n<meta property=\"og:image\" content=\"https:\/\/buhopapers.com\/wp-content\/uploads\/2023\/05\/exp-1000-conos-buho-natural-king-size-109mm.png\" \/>\n\t<meta property=\"og:image:width\" content=\"800\" \/>\n\t<meta property=\"og:image:height\" content=\"800\" \/>\n\t<meta property=\"og:image:type\" content=\"image\/png\" \/>\n<meta name=\"twitter:card\" content=\"summary_large_image\" \/>\n<meta name=\"twitter:label1\" content=\"Est. reading time\" \/>\n\t<meta name=\"twitter:data1\" content=\"1 minute\" \/>\n<script type=\"application\/ld+json\" class=\"yoast-schema-graph\">{\"@context\":\"https:\\\/\\\/schema.org\",\"@graph\":[{\"@type\":\"WebPage\",\"@id\":\"https:\\\/\\\/buhopapers.com\\\/producto\\\/conos-buho-natural-ks-1000\\\/\",\"url\":\"https:\\\/\\\/buhopapers.com\\\/producto\\\/conos-buho-natural-ks-1000\\\/\",\"name\":\"1000 CONOS BUHO NATURAL KING SIZE 110MM - Buho\",\"isPartOf\":{\"@id\":\"https:\\\/\\\/buhopapers.com\\\/#website\"},\"primaryImageOfPage\":{\"@id\":\"https:\\\/\\\/buhopapers.com\\\/producto\\\/conos-buho-natural-ks-1000\\\/#primaryimage\"},\"image\":{\"@id\":\"https:\\\/\\\/buhopapers.com\\\/producto\\\/conos-buho-natural-ks-1000\\\/#primaryimage\"},\"thumbnailUrl\":\"https:\\\/\\\/buhopapers.com\\\/wp-content\\\/uploads\\\/2023\\\/05\\\/exp-1000-conos-buho-natural-king-size-109mm.png\",\"datePublished\":\"2023-05-02T14:54:23+00:00\",\"dateModified\":\"2025-08-05T07:43:51+00:00\",\"breadcrumb\":{\"@id\":\"https:\\\/\\\/buhopapers.com\\\/producto\\\/conos-buho-natural-ks-1000\\\/#breadcrumb\"},\"inLanguage\":\"en-US\",\"potentialAction\":[{\"@type\":\"ReadAction\",\"target\":[\"https:\\\/\\\/buhopapers.com\\\/producto\\\/conos-buho-natural-ks-1000\\\/\"]}]},{\"@type\":\"ImageObject\",\"inLanguage\":\"en-US\",\"@id\":\"https:\\\/\\\/buhopapers.com\\\/producto\\\/conos-buho-natural-ks-1000\\\/#primaryimage\",\"url\":\"https:\\\/\\\/buhopapers.com\\\/wp-content\\\/uploads\\\/2023\\\/05\\\/exp-1000-conos-buho-natural-king-size-109mm.png\",\"contentUrl\":\"https:\\\/\\\/buhopapers.com\\\/wp-content\\\/uploads\\\/2023\\\/05\\\/exp-1000-conos-buho-natural-king-size-109mm.png\",\"width\":800,\"height\":800},{\"@type\":\"BreadcrumbList\",\"@id\":\"https:\\\/\\\/buhopapers.com\\\/producto\\\/conos-buho-natural-ks-1000\\\/#breadcrumb\",\"itemListElement\":[{\"@type\":\"ListItem\",\"position\":1,\"name\":\"Portada\",\"item\":\"https:\\\/\\\/buhopapers.com\\\/\"},{\"@type\":\"ListItem\",\"position\":2,\"name\":\"Productos\",\"item\":\"https:\\\/\\\/buhopapers.com\\\/productos\\\/\"},{\"@type\":\"ListItem\",\"position\":3,\"name\":\"1000 CONOS BUHO NATURAL KING SIZE 110MM\"}]},{\"@type\":\"WebSite\",\"@id\":\"https:\\\/\\\/buhopapers.com\\\/#website\",\"url\":\"https:\\\/\\\/buhopapers.com\\\/\",\"name\":\"Buho\",\"description\":\"Buho Rolling Papers\",\"publisher\":{\"@id\":\"https:\\\/\\\/buhopapers.com\\\/#organization\"},\"potentialAction\":[{\"@type\":\"SearchAction\",\"target\":{\"@type\":\"EntryPoint\",\"urlTemplate\":\"https:\\\/\\\/buhopapers.com\\\/?s={search_term_string}\"},\"query-input\":{\"@type\":\"PropertyValueSpecification\",\"valueRequired\":true,\"valueName\":\"search_term_string\"}}],\"inLanguage\":\"en-US\"},{\"@type\":\"Organization\",\"@id\":\"https:\\\/\\\/buhopapers.com\\\/#organization\",\"name\":\"Buhopapers\",\"url\":\"https:\\\/\\\/buhopapers.com\\\/\",\"logo\":{\"@type\":\"ImageObject\",\"inLanguage\":\"en-US\",\"@id\":\"https:\\\/\\\/buhopapers.com\\\/#\\\/schema\\\/logo\\\/image\\\/\",\"url\":\"https:\\\/\\\/buhopapers.com\\\/wp-content\\\/uploads\\\/2021\\\/12\\\/logo-buho-classic.png\",\"contentUrl\":\"https:\\\/\\\/buhopapers.com\\\/wp-content\\\/uploads\\\/2021\\\/12\\\/logo-buho-classic.png\",\"width\":120,\"height\":148,\"caption\":\"Buhopapers\"},\"image\":{\"@id\":\"https:\\\/\\\/buhopapers.com\\\/#\\\/schema\\\/logo\\\/image\\\/\"}}]}<\/script>\n<!-- \/ Yoast SEO plugin. -->","yoast_head_json":{"title":"1000 CONOS BUHO NATURAL KING SIZE 110MM - Buho","robots":{"index":"index","follow":"follow","max-snippet":"max-snippet:-1","max-image-preview":"max-image-preview:large","max-video-preview":"max-video-preview:-1"},"canonical":"https:\/\/buhopapers.com\/producto\/conos-buho-natural-ks-1000\/","og_locale":"en_US","og_type":"article","og_title":"1000 CONOS BUHO NATURAL KING SIZE 110MM - Buho","og_description":"Caja de 1000 conos preliados con papel de fibras de madera y sin uso de cloro para reducir al m\u00e1ximo el impacto ambiental.  Filtro de 26 mm.  Caja con compuerta lateral.  Tubito prensador de cart\u00f3n en la fila superior.  Tama\u00f1o King Size.  Combusti\u00f3n uniforme para disfrutar de caladas suaves y prolongadas sin tener que preocuparte por encender constantemente el cono.  REF: BH023","og_url":"https:\/\/buhopapers.com\/producto\/conos-buho-natural-ks-1000\/","og_site_name":"Buho","article_modified_time":"2025-08-05T07:43:51+00:00","og_image":[{"width":800,"height":800,"url":"https:\/\/buhopapers.com\/wp-content\/uploads\/2023\/05\/exp-1000-conos-buho-natural-king-size-109mm.png","type":"image\/png"}],"twitter_card":"summary_large_image","twitter_misc":{"Est. reading time":"1 minute"},"schema":{"@context":"https:\/\/schema.org","@graph":[{"@type":"WebPage","@id":"https:\/\/buhopapers.com\/producto\/conos-buho-natural-ks-1000\/","url":"https:\/\/buhopapers.com\/producto\/conos-buho-natural-ks-1000\/","name":"1000 CONOS BUHO NATURAL KING SIZE 110MM - Buho","isPartOf":{"@id":"https:\/\/buhopapers.com\/#website"},"primaryImageOfPage":{"@id":"https:\/\/buhopapers.com\/producto\/conos-buho-natural-ks-1000\/#primaryimage"},"image":{"@id":"https:\/\/buhopapers.com\/producto\/conos-buho-natural-ks-1000\/#primaryimage"},"thumbnailUrl":"https:\/\/buhopapers.com\/wp-content\/uploads\/2023\/05\/exp-1000-conos-buho-natural-king-size-109mm.png","datePublished":"2023-05-02T14:54:23+00:00","dateModified":"2025-08-05T07:43:51+00:00","breadcrumb":{"@id":"https:\/\/buhopapers.com\/producto\/conos-buho-natural-ks-1000\/#breadcrumb"},"inLanguage":"en-US","potentialAction":[{"@type":"ReadAction","target":["https:\/\/buhopapers.com\/producto\/conos-buho-natural-ks-1000\/"]}]},{"@type":"ImageObject","inLanguage":"en-US","@id":"https:\/\/buhopapers.com\/producto\/conos-buho-natural-ks-1000\/#primaryimage","url":"https:\/\/buhopapers.com\/wp-content\/uploads\/2023\/05\/exp-1000-conos-buho-natural-king-size-109mm.png","contentUrl":"https:\/\/buhopapers.com\/wp-content\/uploads\/2023\/05\/exp-1000-conos-buho-natural-king-size-109mm.png","width":800,"height":800},{"@type":"BreadcrumbList","@id":"https:\/\/buhopapers.com\/producto\/conos-buho-natural-ks-1000\/#breadcrumb","itemListElement":[{"@type":"ListItem","position":1,"name":"Portada","item":"https:\/\/buhopapers.com\/"},{"@type":"ListItem","position":2,"name":"Productos","item":"https:\/\/buhopapers.com\/productos\/"},{"@type":"ListItem","position":3,"name":"1000 CONOS BUHO NATURAL KING SIZE 110MM"}]},{"@type":"WebSite","@id":"https:\/\/buhopapers.com\/#website","url":"https:\/\/buhopapers.com\/","name":"Buho","description":"Buho Rolling Papers","publisher":{"@id":"https:\/\/buhopapers.com\/#organization"},"potentialAction":[{"@type":"SearchAction","target":{"@type":"EntryPoint","urlTemplate":"https:\/\/buhopapers.com\/?s={search_term_string}"},"query-input":{"@type":"PropertyValueSpecification","valueRequired":true,"valueName":"search_term_string"}}],"inLanguage":"en-US"},{"@type":"Organization","@id":"https:\/\/buhopapers.com\/#organization","name":"Buhopapers","url":"https:\/\/buhopapers.com\/","logo":{"@type":"ImageObject","inLanguage":"en-US","@id":"https:\/\/buhopapers.com\/#\/schema\/logo\/image\/","url":"https:\/\/buhopapers.com\/wp-content\/uploads\/2021\/12\/logo-buho-classic.png","contentUrl":"https:\/\/buhopapers.com\/wp-content\/uploads\/2021\/12\/logo-buho-classic.png","width":120,"height":148,"caption":"Buhopapers"},"image":{"@id":"https:\/\/buhopapers.com\/#\/schema\/logo\/image\/"}}]}},"_links":{"self":[{"href":"https:\/\/buhopapers.com\/en\/wp-json\/wp\/v2\/product\/2238","targetHints":{"allow":["GET"]}}],"collection":[{"href":"https:\/\/buhopapers.com\/en\/wp-json\/wp\/v2\/product"}],"about":[{"href":"https:\/\/buhopapers.com\/en\/wp-json\/wp\/v2\/types\/product"}],"wp:featuredmedia":[{"embeddable":true,"href":"https:\/\/buhopapers.com\/en\/wp-json\/wp\/v2\/media\/2927"}],"wp:attachment":[{"href":"https:\/\/buhopapers.com\/en\/wp-json\/wp\/v2\/media?parent=2238"}],"wp:term":[{"taxonomy":"product_brand","embeddable":true,"href":"https:\/\/buhopapers.com\/en\/wp-json\/wp\/v2\/product_brand?post=2238"},{"taxonomy":"product_cat","embeddable":true,"href":"https:\/\/buhopapers.com\/en\/wp-json\/wp\/v2\/product_cat?post=2238"},{"taxonomy":"product_tag","embeddable":true,"href":"https:\/\/buhopapers.com\/en\/wp-json\/wp\/v2\/product_tag?post=2238"}],"curies":[{"name":"wp","href":"https:\/\/api.w.org\/{rel}","templated":true}]}}