{"id":2219,"date":"2023-05-02T12:45:05","date_gmt":"2023-05-02T12:45:05","guid":{"rendered":"https:\/\/buhopapers.com\/?post_type=product&#038;p=2219"},"modified":"2025-08-04T11:05:12","modified_gmt":"2025-08-04T11:05:12","slug":"kit-papel-de-fumar-king-size-slim-50-50-tips-buho-natural","status":"publish","type":"product","link":"https:\/\/buhopapers.com\/en\/producto\/kit-papel-de-fumar-king-size-slim-50-50-tips-buho-natural\/","title":{"rendered":"PAPEL BUHO NATURAL KING SIZE SLIM 50 + 50 TIPS (110MM)"},"content":{"rendered":"<ul>\n<li>Fabricado en Espa\u00f1a.<\/li>\n<li>Natural.<\/li>\n<li>Sin uso de cloro.<\/li>\n<li>Tips troquelados y sin engomar.<\/li>\n<li>Papel ultra fino, de combusti\u00f3n lenta y con goma ar\u00e1biga ecol\u00f3gica.<\/li>\n<li>Sello FSC.<\/li>\n<li>Tama\u00f1o tips: 2\u20195 cm x 5 cm.<\/li>\n<li>N\u00ba de hojas por librito: 32 hojas.<\/li>\n<\/ul>\n<p>&nbsp;<\/p>\n","protected":false},"excerpt":{"rendered":"<p>Papel de fumar ultrafino, hecho con papel de fibras de madera y sin uso para reducir al m\u00e1ximo el impacto ambiental.<\/p>\n<p>Tama\u00f1o King Size.<\/p>\n<p>Los tips son un poco m\u00e1s anchos por lo que se facilita su liado y las \u00faltimas caladas quedan m\u00e1s lejos de los labios.<\/p>\n<p>REF: BH012<\/p>\n","protected":false},"featured_media":2222,"template":"","meta":[],"product_brand":[],"product_cat":[37],"product_tag":[],"class_list":{"0":"post-2219","1":"product","2":"type-product","3":"status-publish","4":"has-post-thumbnail","6":"product_cat-buho-natural","8":"first","9":"instock","10":"shipping-taxable","11":"product-type-simple"},"yoast_head":"<!-- This site is optimized with the Yoast SEO plugin v27.4 - https:\/\/yoast.com\/product\/yoast-seo-wordpress\/ -->\n<title>PAPEL BUHO NATURAL KING SIZE SLIM 50 + 50 TIPS (110MM) - Buho<\/title>\n<meta name=\"robots\" content=\"index, follow, max-snippet:-1, max-image-preview:large, max-video-preview:-1\" \/>\n<link rel=\"canonical\" href=\"https:\/\/buhopapers.com\/producto\/kit-papel-de-fumar-king-size-slim-50-50-tips-buho-natural\/\" \/>\n<meta property=\"og:locale\" content=\"en_US\" \/>\n<meta property=\"og:type\" content=\"article\" \/>\n<meta property=\"og:title\" content=\"PAPEL BUHO NATURAL KING SIZE SLIM 50 + 50 TIPS (110MM) - Buho\" \/>\n<meta property=\"og:description\" content=\"Papel de fumar ultrafino, hecho con papel de fibras de madera y sin uso para reducir al m\u00e1ximo el impacto ambiental.  Tama\u00f1o King Size.  Los tips son un poco m\u00e1s anchos por lo que se facilita su liado y las \u00faltimas caladas quedan m\u00e1s lejos de los labios.  REF: BH012\" \/>\n<meta property=\"og:url\" content=\"https:\/\/buhopapers.com\/producto\/kit-papel-de-fumar-king-size-slim-50-50-tips-buho-natural\/\" \/>\n<meta property=\"og:site_name\" content=\"Buho\" \/>\n<meta property=\"article:modified_time\" content=\"2025-08-04T11:05:12+00:00\" \/>\n<meta property=\"og:image\" content=\"https:\/\/buhopapers.com\/wp-content\/uploads\/2023\/05\/BH012_1.png\" \/>\n\t<meta property=\"og:image:width\" content=\"800\" \/>\n\t<meta property=\"og:image:height\" content=\"800\" \/>\n\t<meta property=\"og:image:type\" content=\"image\/png\" \/>\n<meta name=\"twitter:card\" content=\"summary_large_image\" \/>\n<meta name=\"twitter:label1\" content=\"Est. reading time\" \/>\n\t<meta name=\"twitter:data1\" content=\"1 minute\" \/>\n<script type=\"application\/ld+json\" class=\"yoast-schema-graph\">{\"@context\":\"https:\\\/\\\/schema.org\",\"@graph\":[{\"@type\":\"WebPage\",\"@id\":\"https:\\\/\\\/buhopapers.com\\\/producto\\\/kit-papel-de-fumar-king-size-slim-50-50-tips-buho-natural\\\/\",\"url\":\"https:\\\/\\\/buhopapers.com\\\/producto\\\/kit-papel-de-fumar-king-size-slim-50-50-tips-buho-natural\\\/\",\"name\":\"PAPEL BUHO NATURAL KING SIZE SLIM 50 + 50 TIPS (110MM) - Buho\",\"isPartOf\":{\"@id\":\"https:\\\/\\\/buhopapers.com\\\/#website\"},\"primaryImageOfPage\":{\"@id\":\"https:\\\/\\\/buhopapers.com\\\/producto\\\/kit-papel-de-fumar-king-size-slim-50-50-tips-buho-natural\\\/#primaryimage\"},\"image\":{\"@id\":\"https:\\\/\\\/buhopapers.com\\\/producto\\\/kit-papel-de-fumar-king-size-slim-50-50-tips-buho-natural\\\/#primaryimage\"},\"thumbnailUrl\":\"https:\\\/\\\/buhopapers.com\\\/wp-content\\\/uploads\\\/2023\\\/05\\\/BH012_1.png\",\"datePublished\":\"2023-05-02T12:45:05+00:00\",\"dateModified\":\"2025-08-04T11:05:12+00:00\",\"breadcrumb\":{\"@id\":\"https:\\\/\\\/buhopapers.com\\\/producto\\\/kit-papel-de-fumar-king-size-slim-50-50-tips-buho-natural\\\/#breadcrumb\"},\"inLanguage\":\"en-US\",\"potentialAction\":[{\"@type\":\"ReadAction\",\"target\":[\"https:\\\/\\\/buhopapers.com\\\/producto\\\/kit-papel-de-fumar-king-size-slim-50-50-tips-buho-natural\\\/\"]}]},{\"@type\":\"ImageObject\",\"inLanguage\":\"en-US\",\"@id\":\"https:\\\/\\\/buhopapers.com\\\/producto\\\/kit-papel-de-fumar-king-size-slim-50-50-tips-buho-natural\\\/#primaryimage\",\"url\":\"https:\\\/\\\/buhopapers.com\\\/wp-content\\\/uploads\\\/2023\\\/05\\\/BH012_1.png\",\"contentUrl\":\"https:\\\/\\\/buhopapers.com\\\/wp-content\\\/uploads\\\/2023\\\/05\\\/BH012_1.png\",\"width\":800,\"height\":800},{\"@type\":\"BreadcrumbList\",\"@id\":\"https:\\\/\\\/buhopapers.com\\\/producto\\\/kit-papel-de-fumar-king-size-slim-50-50-tips-buho-natural\\\/#breadcrumb\",\"itemListElement\":[{\"@type\":\"ListItem\",\"position\":1,\"name\":\"Portada\",\"item\":\"https:\\\/\\\/buhopapers.com\\\/\"},{\"@type\":\"ListItem\",\"position\":2,\"name\":\"Productos\",\"item\":\"https:\\\/\\\/buhopapers.com\\\/productos\\\/\"},{\"@type\":\"ListItem\",\"position\":3,\"name\":\"PAPEL BUHO NATURAL KING SIZE SLIM 50 + 50 TIPS (110MM)\"}]},{\"@type\":\"WebSite\",\"@id\":\"https:\\\/\\\/buhopapers.com\\\/#website\",\"url\":\"https:\\\/\\\/buhopapers.com\\\/\",\"name\":\"Buho\",\"description\":\"Buho Rolling Papers\",\"publisher\":{\"@id\":\"https:\\\/\\\/buhopapers.com\\\/#organization\"},\"potentialAction\":[{\"@type\":\"SearchAction\",\"target\":{\"@type\":\"EntryPoint\",\"urlTemplate\":\"https:\\\/\\\/buhopapers.com\\\/?s={search_term_string}\"},\"query-input\":{\"@type\":\"PropertyValueSpecification\",\"valueRequired\":true,\"valueName\":\"search_term_string\"}}],\"inLanguage\":\"en-US\"},{\"@type\":\"Organization\",\"@id\":\"https:\\\/\\\/buhopapers.com\\\/#organization\",\"name\":\"Buhopapers\",\"url\":\"https:\\\/\\\/buhopapers.com\\\/\",\"logo\":{\"@type\":\"ImageObject\",\"inLanguage\":\"en-US\",\"@id\":\"https:\\\/\\\/buhopapers.com\\\/#\\\/schema\\\/logo\\\/image\\\/\",\"url\":\"https:\\\/\\\/buhopapers.com\\\/wp-content\\\/uploads\\\/2021\\\/12\\\/logo-buho-classic.png\",\"contentUrl\":\"https:\\\/\\\/buhopapers.com\\\/wp-content\\\/uploads\\\/2021\\\/12\\\/logo-buho-classic.png\",\"width\":120,\"height\":148,\"caption\":\"Buhopapers\"},\"image\":{\"@id\":\"https:\\\/\\\/buhopapers.com\\\/#\\\/schema\\\/logo\\\/image\\\/\"}}]}<\/script>\n<!-- \/ Yoast SEO plugin. -->","yoast_head_json":{"title":"PAPEL BUHO NATURAL KING SIZE SLIM 50 + 50 TIPS (110MM) - Buho","robots":{"index":"index","follow":"follow","max-snippet":"max-snippet:-1","max-image-preview":"max-image-preview:large","max-video-preview":"max-video-preview:-1"},"canonical":"https:\/\/buhopapers.com\/producto\/kit-papel-de-fumar-king-size-slim-50-50-tips-buho-natural\/","og_locale":"en_US","og_type":"article","og_title":"PAPEL BUHO NATURAL KING SIZE SLIM 50 + 50 TIPS (110MM) - Buho","og_description":"Papel de fumar ultrafino, hecho con papel de fibras de madera y sin uso para reducir al m\u00e1ximo el impacto ambiental.  Tama\u00f1o King Size.  Los tips son un poco m\u00e1s anchos por lo que se facilita su liado y las \u00faltimas caladas quedan m\u00e1s lejos de los labios.  REF: BH012","og_url":"https:\/\/buhopapers.com\/producto\/kit-papel-de-fumar-king-size-slim-50-50-tips-buho-natural\/","og_site_name":"Buho","article_modified_time":"2025-08-04T11:05:12+00:00","og_image":[{"width":800,"height":800,"url":"https:\/\/buhopapers.com\/wp-content\/uploads\/2023\/05\/BH012_1.png","type":"image\/png"}],"twitter_card":"summary_large_image","twitter_misc":{"Est. reading time":"1 minute"},"schema":{"@context":"https:\/\/schema.org","@graph":[{"@type":"WebPage","@id":"https:\/\/buhopapers.com\/producto\/kit-papel-de-fumar-king-size-slim-50-50-tips-buho-natural\/","url":"https:\/\/buhopapers.com\/producto\/kit-papel-de-fumar-king-size-slim-50-50-tips-buho-natural\/","name":"PAPEL BUHO NATURAL KING SIZE SLIM 50 + 50 TIPS (110MM) - Buho","isPartOf":{"@id":"https:\/\/buhopapers.com\/#website"},"primaryImageOfPage":{"@id":"https:\/\/buhopapers.com\/producto\/kit-papel-de-fumar-king-size-slim-50-50-tips-buho-natural\/#primaryimage"},"image":{"@id":"https:\/\/buhopapers.com\/producto\/kit-papel-de-fumar-king-size-slim-50-50-tips-buho-natural\/#primaryimage"},"thumbnailUrl":"https:\/\/buhopapers.com\/wp-content\/uploads\/2023\/05\/BH012_1.png","datePublished":"2023-05-02T12:45:05+00:00","dateModified":"2025-08-04T11:05:12+00:00","breadcrumb":{"@id":"https:\/\/buhopapers.com\/producto\/kit-papel-de-fumar-king-size-slim-50-50-tips-buho-natural\/#breadcrumb"},"inLanguage":"en-US","potentialAction":[{"@type":"ReadAction","target":["https:\/\/buhopapers.com\/producto\/kit-papel-de-fumar-king-size-slim-50-50-tips-buho-natural\/"]}]},{"@type":"ImageObject","inLanguage":"en-US","@id":"https:\/\/buhopapers.com\/producto\/kit-papel-de-fumar-king-size-slim-50-50-tips-buho-natural\/#primaryimage","url":"https:\/\/buhopapers.com\/wp-content\/uploads\/2023\/05\/BH012_1.png","contentUrl":"https:\/\/buhopapers.com\/wp-content\/uploads\/2023\/05\/BH012_1.png","width":800,"height":800},{"@type":"BreadcrumbList","@id":"https:\/\/buhopapers.com\/producto\/kit-papel-de-fumar-king-size-slim-50-50-tips-buho-natural\/#breadcrumb","itemListElement":[{"@type":"ListItem","position":1,"name":"Portada","item":"https:\/\/buhopapers.com\/"},{"@type":"ListItem","position":2,"name":"Productos","item":"https:\/\/buhopapers.com\/productos\/"},{"@type":"ListItem","position":3,"name":"PAPEL BUHO NATURAL KING SIZE SLIM 50 + 50 TIPS (110MM)"}]},{"@type":"WebSite","@id":"https:\/\/buhopapers.com\/#website","url":"https:\/\/buhopapers.com\/","name":"Buho","description":"Buho Rolling Papers","publisher":{"@id":"https:\/\/buhopapers.com\/#organization"},"potentialAction":[{"@type":"SearchAction","target":{"@type":"EntryPoint","urlTemplate":"https:\/\/buhopapers.com\/?s={search_term_string}"},"query-input":{"@type":"PropertyValueSpecification","valueRequired":true,"valueName":"search_term_string"}}],"inLanguage":"en-US"},{"@type":"Organization","@id":"https:\/\/buhopapers.com\/#organization","name":"Buhopapers","url":"https:\/\/buhopapers.com\/","logo":{"@type":"ImageObject","inLanguage":"en-US","@id":"https:\/\/buhopapers.com\/#\/schema\/logo\/image\/","url":"https:\/\/buhopapers.com\/wp-content\/uploads\/2021\/12\/logo-buho-classic.png","contentUrl":"https:\/\/buhopapers.com\/wp-content\/uploads\/2021\/12\/logo-buho-classic.png","width":120,"height":148,"caption":"Buhopapers"},"image":{"@id":"https:\/\/buhopapers.com\/#\/schema\/logo\/image\/"}}]}},"_links":{"self":[{"href":"https:\/\/buhopapers.com\/en\/wp-json\/wp\/v2\/product\/2219","targetHints":{"allow":["GET"]}}],"collection":[{"href":"https:\/\/buhopapers.com\/en\/wp-json\/wp\/v2\/product"}],"about":[{"href":"https:\/\/buhopapers.com\/en\/wp-json\/wp\/v2\/types\/product"}],"wp:featuredmedia":[{"embeddable":true,"href":"https:\/\/buhopapers.com\/en\/wp-json\/wp\/v2\/media\/2222"}],"wp:attachment":[{"href":"https:\/\/buhopapers.com\/en\/wp-json\/wp\/v2\/media?parent=2219"}],"wp:term":[{"taxonomy":"product_brand","embeddable":true,"href":"https:\/\/buhopapers.com\/en\/wp-json\/wp\/v2\/product_brand?post=2219"},{"taxonomy":"product_cat","embeddable":true,"href":"https:\/\/buhopapers.com\/en\/wp-json\/wp\/v2\/product_cat?post=2219"},{"taxonomy":"product_tag","embeddable":true,"href":"https:\/\/buhopapers.com\/en\/wp-json\/wp\/v2\/product_tag?post=2219"}],"curies":[{"name":"wp","href":"https:\/\/api.w.org\/{rel}","templated":true}]}}